{"id":163,"date":"2012-02-27T13:24:41","date_gmt":"2012-02-27T13:24:41","guid":{"rendered":"http:\/\/www.roggewf.de\/wf\/?page_id=163"},"modified":"2012-04-13T07:33:47","modified_gmt":"2012-04-13T07:33:47","slug":"impressum","status":"publish","type":"page","link":"https:\/\/roggewf.de\/wf\/impressum\/","title":{"rendered":"Impressum"},"content":{"rendered":"<p>Inhaltlich verantwortlich gem\u00e4\u00df \u00a7 10 Absatz 3 MDStV<\/p>\n<p>rogge werbeagentur &amp; fotostudio gbr<br \/>\nJahnstra\u00dfe 6<br \/>\n30974 Wennigsen<\/p>\n<p>Telefon: 0 51 09 \/ 56 33 53<br \/>\nTelefax: 0 51 09 \/ 56 33 54<br \/>\nemail: <a href=\"mailto: info@roggewf.de\">info@roggewf.de<\/a><\/p>\n<p>Gesch\u00e4ftsf\u00fchrende Gesellschafter:<br \/>\nStefanie Rogge<br \/>\nLars Rogge<\/p>\n<p>Gerichtsstand: Amtsgericht Wennigsen<\/p>\n<p>Ust.-IdNr.: DE 237840742<\/p>\n<p>Haftungshinweis<\/p>\n<p>Alle auf diesen Internetseiten angebrachten Hyperlinks (Verweise auf andere, externe Internetseiten) sind von uns ausgesprochene Empfehlungen. Allerdings haben wir keinerlei Einfluss auf die Gestaltung und Inhalte dieser externen Seiten. F\u00fcr die Inhalte ist allein der jeweilige Anbieter verantwortlich. Rechtswidrige oder gef\u00e4hrliche Inhalte waren zum Zeitpunkt der Verlinkung nicht erkennbar. Eine st\u00e4ndige inhaltliche Kontrolle der verlinkten Seiten ist ohne konkrete Anhaltspunkte von Rechtsverletzungen nicht zumutbar. Bei bekannt werden von Rechtsverletzungen werden diese Verweise (Hyperlinks) von uns entfernt.<\/p>\n<p>Datenschutzerkl\u00e4rung, Bildrechte<\/p>\n<p>Wir nehmen den Schutz Ihrer pers\u00f6nlichen Daten sehr ernst und halten uns strikt an die Regeln der Datenschutzgesetze. Personenbezogene Daten werden auf dieser Webseite nur im technisch notwendigen Umfang erhoben. In keinem Fall werden die erhobenen Daten verkauft oder aus anderen Gr\u00fcnden an Dritte weitergegeben.<\/p>\n<p>Auf unserer Website sind Programme (Plugins) des sozialen Netzwerks Facebook enthalten. Diese werden ausschlie\u00dflich von der Facebook Inc., 1601 S. California Ave, Palo Alto, CA 94304, USA betrieben.<br \/>\nWenn Sie w\u00e4hrend des Besuchs von roggewf.de \u00fcber Ihr Benutzerkonto bei Facebook eingeloggt sind, kann Facebook den Websitebesuch diesem Konto zuordnen. Durch Anklicken z.B. des \u201eGef\u00e4llt mir\u201c-Buttons werden diese entsprechenden Informationen direkt an Facebook \u00fcbermittelt und dort gespeichert. Wenn Sie eine solche Daten\u00fcbermittlung nicht m\u00f6chten, m\u00fcssen Sie sich einfach unter Ihrem Facebook-Account ausloggen.<\/p>\n<p>Statistiken erh\u00e4lt roggewf \u00fcber das WordPress-Plugin:<br \/>\nJetpack, WordPress.com Stats<br \/>\nDiese Daten der Besucherstatistik und des Traffic verwenden wir nur zu eigenen SEO-Zwecken und verkaufen sie nicht.<\/p>\n<p>Content Management System:<br \/>\nDiese Seite wird mit dem Content Managment System (CMS) von <a href=\"http:\/\/www.wordpress.de\">WordPress<\/a> angetrieben.<\/p>\n<p>Theme:<br \/>\nPandora theme \u00a9 is created by <a href=\"http:\/\/pandora.youama.com\/\">belicza.com<\/a> for WordPress Engine. Licenced on GPL.<\/p>\n<p>Bildrechte:<br \/>\nAlle hier ver\u00f6ffentlichten Fotos, Texte, Grafiken und Karten sind urheberrechtlich gesch\u00fctzt. Jegliche Vervielf\u00e4ltigung und Ver\u00f6ffentlichung in mechanischer oder elektronischer Form oder anderweitige kommerzielle oder private Nutzung ist ausdr\u00fccklich untersagt und bedarf einer ausdr\u00fccklichen Genehmigung.<br \/>\nBildarchiv: roggewf, <a href=\"http:\/\/www.fotolia.com\">www.fotolia.com<\/a><\/p>\n","protected":false},"excerpt":{"rendered":"<p>Inhaltlich verantwortlich gem\u00e4\u00df \u00a7 10 Absatz 3 MDStV rogge werbeagentur &amp; fotostudio gbr Jahnstra\u00dfe 6 30974 Wennigsen Telefon: 0 51 09 \/ 56 33 53 Telefax: 0 51 09 \/ 56 33 54 email: info@roggewf.de Gesch\u00e4ftsf\u00fchrende Gesellschafter: Stefanie Rogge Lars Rogge Gerichtsstand: Amtsgericht Wennigsen Ust.-IdNr.: DE 237840742 Haftungshinweis Alle auf diesen Internetseiten angebrachten Hyperlinks (Verweise&hellip; <br \/> <a class=\"button small blue\" href=\"https:\/\/roggewf.de\/wf\/impressum\/\">Weiterlesen<\/a><\/p>\n","protected":false},"author":1,"featured_media":0,"parent":0,"menu_order":0,"comment_status":"closed","ping_status":"closed","template":"","meta":[],"aioseo_notices":[],"_links":{"self":[{"href":"https:\/\/roggewf.de\/wf\/wp-json\/wp\/v2\/pages\/163"}],"collection":[{"href":"https:\/\/roggewf.de\/wf\/wp-json\/wp\/v2\/pages"}],"about":[{"href":"https:\/\/roggewf.de\/wf\/wp-json\/wp\/v2\/types\/page"}],"author":[{"embeddable":true,"href":"https:\/\/roggewf.de\/wf\/wp-json\/wp\/v2\/users\/1"}],"replies":[{"embeddable":true,"href":"https:\/\/roggewf.de\/wf\/wp-json\/wp\/v2\/comments?post=163"}],"version-history":[{"count":0,"href":"https:\/\/roggewf.de\/wf\/wp-json\/wp\/v2\/pages\/163\/revisions"}],"wp:attachment":[{"href":"https:\/\/roggewf.de\/wf\/wp-json\/wp\/v2\/media?parent=163"}],"curies":[{"name":"wp","href":"https:\/\/api.w.org\/{rel}","templated":true}]}}