{"id":289,"date":"2012-05-03T08:46:42","date_gmt":"2012-05-03T08:46:42","guid":{"rendered":"http:\/\/www.roggewf.de\/wf\/?page_id=289"},"modified":"2012-05-03T09:01:03","modified_gmt":"2012-05-03T09:01:03","slug":"offline-einfach-online-epaper","status":"publish","type":"page","link":"https:\/\/roggewf.de\/wf\/offline-einfach-online-epaper\/","title":{"rendered":"Offline einfach online: epaper"},"content":{"rendered":"<p><img loading=\"lazy\" class=\"alignnone size-thumbnail wp-image-290\" title=\"Bildschirmfoto 2012-05-03 um 10.45.47\" src=\"http:\/\/www.roggewf.de\/wf\/wp-content\/uploads\/2012\/05\/Bildschirmfoto-2012-05-03-um-10.45.47-150x51.png\" alt=\"\" width=\"150\" height=\"51\" \/>Warum arbeiten wir gerne mit issuu.com?<\/p>\n<p>issuu.com ist eine Publishing-Plattform, die es komfortabel erm\u00f6glicht\u00a0im Internet Brosch\u00fcren zu ver\u00f6ffentlichen und zu verbreiten. Es stehen zahlreiche B\u00fccher, Magazine, Kataloge in verschiedenen Kategorien auf Issuu zum Lesen bereit. Inzwischen nutzen bereits \u00fcber 6 Millionen User diese Plattform und generieren dabei 500 Millionen Page Impressions im Monat. Auf Issuu.com ver\u00f6ffentlichen auch einige renommierte Verlage, Institutionen und Unternehmen: Random House, Guardian, United Nations, World Bank Publications, Siemens, Google und viele weitere.\u00a0Das Besondere von Issuu ist das einfache und intuitive Handling.<\/p>\n<p>Beispiel : die Elan Image-Brosch\u00fcre<\/p>\n<p>[issuu width=720 height=450 backgroundColor=%23222222 documentId=110403150713-c29eb3decbfc4326ba207bf2945d5023 name=imagefolder_2011-f username=roggewf2011 tag=barsinghausen unit=px v=2]<\/p>\n","protected":false},"excerpt":{"rendered":"<p>Warum arbeiten wir gerne mit issuu.com? issuu.com ist eine Publishing-Plattform, die es komfortabel erm\u00f6glicht\u00a0im Internet Brosch\u00fcren zu ver\u00f6ffentlichen und zu verbreiten. Es stehen zahlreiche B\u00fccher, Magazine, Kataloge in verschiedenen Kategorien auf Issuu zum Lesen bereit. Inzwischen nutzen bereits \u00fcber 6 Millionen User diese Plattform und generieren dabei 500 Millionen Page Impressions im Monat. Auf Issuu.com&hellip; <br \/> <a class=\"button small blue\" href=\"https:\/\/roggewf.de\/wf\/offline-einfach-online-epaper\/\">Weiterlesen<\/a><\/p>\n","protected":false},"author":1,"featured_media":0,"parent":0,"menu_order":0,"comment_status":"closed","ping_status":"closed","template":"","meta":[],"aioseo_notices":[],"_links":{"self":[{"href":"https:\/\/roggewf.de\/wf\/wp-json\/wp\/v2\/pages\/289"}],"collection":[{"href":"https:\/\/roggewf.de\/wf\/wp-json\/wp\/v2\/pages"}],"about":[{"href":"https:\/\/roggewf.de\/wf\/wp-json\/wp\/v2\/types\/page"}],"author":[{"embeddable":true,"href":"https:\/\/roggewf.de\/wf\/wp-json\/wp\/v2\/users\/1"}],"replies":[{"embeddable":true,"href":"https:\/\/roggewf.de\/wf\/wp-json\/wp\/v2\/comments?post=289"}],"version-history":[{"count":0,"href":"https:\/\/roggewf.de\/wf\/wp-json\/wp\/v2\/pages\/289\/revisions"}],"wp:attachment":[{"href":"https:\/\/roggewf.de\/wf\/wp-json\/wp\/v2\/media?parent=289"}],"curies":[{"name":"wp","href":"https:\/\/api.w.org\/{rel}","templated":true}]}}